{"id":11,"date":"2025-04-24T19:18:10","date_gmt":"2025-04-24T19:18:10","guid":{"rendered":"https:\/\/veganinternational.org\/french\/?page_id=11"},"modified":"2025-07-18T18:30:56","modified_gmt":"2025-07-18T18:30:56","slug":"accueil","status":"publish","type":"page","link":"https:\/\/veganinternational.org\/french\/","title":{"rendered":"Accueil"},"content":{"rendered":"\t\t<div data-elementor-type=\"wp-page\" data-elementor-id=\"11\" class=\"elementor elementor-11\" data-elementor-post-type=\"page\">\n\t\t\t\t<div class=\"elementor-element elementor-element-663800e e-flex e-con-boxed e-con e-parent\" data-id=\"663800e\" data-element_type=\"container\" data-e-type=\"container\" data-settings=\"{&quot;background_background&quot;:&quot;classic&quot;}\">\n\t\t\t\t\t<div class=\"e-con-inner\">\n\t\t\t\t\t<\/div>\n\t\t\t\t<\/div>\n\t\t<div class=\"elementor-element elementor-element-db172ce e-flex e-con-boxed e-con e-parent\" data-id=\"db172ce\" data-element_type=\"container\" data-e-type=\"container\">\n\t\t\t\t\t<div class=\"e-con-inner\">\n\t\t<div class=\"elementor-element elementor-element-80df1af e-con-full e-flex e-con e-child\" data-id=\"80df1af\" data-element_type=\"container\" data-e-type=\"container\">\n\t\t\t\t<div class=\"elementor-element elementor-element-f13d9d6 elementor-widget elementor-widget-image\" data-id=\"f13d9d6\" data-element_type=\"widget\" data-e-type=\"widget\" data-widget_type=\"image.default\">\n\t\t\t\t<div class=\"elementor-widget-container\">\n\t\t\t\t\t\t\t\t\t\t\t\t\t\t\t<img fetchpriority=\"high\" decoding=\"async\" width=\"367\" height=\"392\" src=\"https:\/\/veganinternational.org\/french\/wp-content\/uploads\/2025\/04\/lamb.jpg\" class=\"attachment-full size-full wp-image-223\" alt=\"\" srcset=\"https:\/\/veganinternational.org\/french\/wp-content\/uploads\/2025\/04\/lamb.jpg 367w, https:\/\/veganinternational.org\/french\/wp-content\/uploads\/2025\/04\/lamb-281x300.jpg 281w\" sizes=\"(max-width: 367px) 100vw, 367px\" \/>\t\t\t\t\t\t\t\t\t\t\t\t\t\t\t<\/div>\n\t\t\t\t<\/div>\n\t\t\t\t<\/div>\n\t\t<div class=\"elementor-element elementor-element-26f8d74 e-con-full e-flex e-con e-child\" data-id=\"26f8d74\" data-element_type=\"container\" data-e-type=\"container\">\n\t\t\t\t<div class=\"elementor-element elementor-element-252dfb1 elementor-widget elementor-widget-heading\" data-id=\"252dfb1\" data-element_type=\"widget\" data-e-type=\"widget\" data-widget_type=\"heading.default\">\n\t\t\t\t<div class=\"elementor-widget-container\">\n\t\t\t\t\t<h2 class=\"elementor-heading-title elementor-size-default\">Bienvenue sur le site de Vegan International !<\/h2>\t\t\t\t<\/div>\n\t\t\t\t<\/div>\n\t\t\t\t<div class=\"elementor-element elementor-element-ff6ee94 elementor-widget elementor-widget-text-editor\" data-id=\"ff6ee94\" data-element_type=\"widget\" data-e-type=\"widget\" data-widget_type=\"text-editor.default\">\n\t\t\t\t<div class=\"elementor-widget-container\">\n\t\t\t\t\t\t\t\t\t<p>Raoul Wallenberg Vegan International (Vegan International) est une organisation caritative \u00e0 but non lucratif (501c3), actuellement en cours de demande pour obtenir le statut d\u2019organisation non gouvernementale (ONG) aupr\u00e8s des Nations Unies.<\/p><p>Vegan International vise \u00e0 sensibiliser les individus, les groupes de la soci\u00e9t\u00e9 civile et les gouvernements aux bienfaits du v\u00e9ganisme \u00e0 base v\u00e9g\u00e9tale, ainsi qu\u2019aux effets n\u00e9fastes d\u2019une alimentation riche en viande et produits laitiers sur la sant\u00e9 humaine, le bien-\u00eatre animal et la survie de notre plan\u00e8te.<\/p><p>Les id\u00e9aux v\u00e9ganes favorisent une sant\u00e9 optimale, une gestion durable des ressources, une agriculture responsable, la r\u00e9duction de la pauvret\u00e9, une empreinte carbone amoindrie, ainsi que la compassion, la paix et la justice pour tous les \u00eatres vivants de la plan\u00e8te.<\/p><p>L\u2019exploitation des esp\u00e8ces non humaines entra\u00eene de lourdes cons\u00e9quences pour la sant\u00e9 humaine (maladies non transmissibles, pand\u00e9mies, antibior\u00e9sistance), ainsi que pour l\u2019environnement (pollution des sols, de l\u2019eau et de l\u2019air, r\u00e9chauffement climatique, perte de biodiversit\u00e9, d\u00e9forestation, extinction d\u2019esp\u00e8ces, surexploitation des ressources). Elle perp\u00e9tue \u00e9galement une culture d\u2019injustice envers tous les \u00eatres sensibles.<\/p>\t\t\t\t\t\t\t\t<\/div>\n\t\t\t\t<\/div>\n\t\t\t\t<\/div>\n\t\t\t\t\t<\/div>\n\t\t\t\t<\/div>\n\t\t<div class=\"elementor-element elementor-element-19ceb5e e-flex e-con-boxed e-con e-parent\" data-id=\"19ceb5e\" data-element_type=\"container\" data-e-type=\"container\">\n\t\t\t\t\t<div class=\"e-con-inner\">\n\t\t\t\t<div class=\"elementor-element elementor-element-3785780 elementor-widget elementor-widget-text-editor\" data-id=\"3785780\" data-element_type=\"widget\" data-e-type=\"widget\" data-widget_type=\"text-editor.default\">\n\t\t\t\t<div class=\"elementor-widget-container\">\n\t\t\t\t\t\t\t\t\t<p>Vegan International a demand\u00e9 le statut consultatif aupr\u00e8s du Conseil \u00e9conomique et social des Nations Unies (ECOSOC), participe \u00e0 l&#8217;Organisation mondiale de la sant\u00e9 (OMS), \u00e0 l&#8217;Organisation des Nations Unies pour l&#8217;alimentation et l&#8217;agriculture (FAO), au Programme des Nations Unies pour l&#8217;environnement (PNUE), \u00e0 l&#8217;Organisation des Nations Unies pour l&#8217;\u00e9ducation, la science et la culture (UNESCO), au Comit\u00e9 permanent du syst\u00e8me des Nations Unies sur la nutrition (UNSCN) et promeut les Objectifs de d\u00e9veloppement durable (ODD).<\/p><p>Vegan International cherche \u00e0 promouvoir une culture de paix, de justice et de compassion, et \u00e0 garantir une place \u00e0 la table des n\u00e9gociations pour tous sur la plan\u00e8te Terre, sans laisser personne de c\u00f4t\u00e9, quelle que soit l&#8217;esp\u00e8ce, y compris toutes les formes de vie, la nature et la plan\u00e8te.<\/p><p>Vegan International esp\u00e8re parvenir \u00e0 une Convention des Nations Unies contre le sp\u00e9cisme. L&#8217;objectif de cette initiative contraignante est de mettre fin \u00e0 la discrimination envers les esp\u00e8ces non humaines per\u00e7ues comme inf\u00e9rieures. Cette initiative s&#8217;inscrirait dans la continuit\u00e9 de la Convention des Nations Unies contre le g\u00e9nocide, de la Convention des Nations Unies contre la torture, de la Convention des Nations Unies sur l&#8217;\u00e9limination de toutes les formes de discrimination \u00e0 l&#8217;\u00e9gard des femmes, et de la Convention des Nations Unies relative aux droits de l&#8217;enfant.<\/p><p>Raoul Wallenberg, qui a donn\u00e9 son nom \u00e0 l&#8217;organisation, \u00e9t`ait le diplomate su\u00e9dois qui a sauv\u00e9 100 000 vies innocentes pendant la Seconde Guerre mondiale. Vegan International s&#8217;efforce de perp\u00e9tuer l&#8217;h\u00e9ritage de courage, de compassion et de d\u00e9termination de Wallenberg pour, comme lui, atteindre des objectifs apparemment impossibles \u00e0 l&#8217;aide de solutions simples \u00e0 des probl\u00e8mes complexes.<\/p><p>\u00ab Vegan \u00bb est synonyme de compassion. Il s&#8217;agit de rendre le monde meilleur, non seulement pour les humains, mais aussi pour les milliards d&#8217;autres habitants de cette plan\u00e8te, dont la vie et le bien-\u00eatre ont \u00e9t\u00e9 n\u00e9glig\u00e9s, parfois conduits \u00e0 l&#8217;extinction, et g\u00e9n\u00e9ralement r\u00e9duits \u00e0 des vecteurs de satisfactions humaines de toutes sortes.<\/p><p>Le terme \u00ab v\u00e9gan \u00bb cherche \u00e0 apporter une solution simple \u00e0 des probl\u00e8mes mondiaux complexes.<\/p><p>Les bienfaits du v\u00e9ganisme incluent une sant\u00e9 et une nutrition optimales, une utilisation durable des ressources, une agriculture raisonn\u00e9e, la r\u00e9duction de la pauvret\u00e9, une empreinte carbone r\u00e9duite, ainsi que la compassion, la paix et la justice pour la nature, la plan\u00e8te et tous ses habitants. Une alimentation v\u00e9g\u00e9tale compl\u00e8te est riche en prot\u00e9ines, en fibres, en vitamines et en min\u00e9raux, pauvre en mati\u00e8res grasses et sans cholest\u00e9rol, et poss\u00e8de un go\u00fbt et une apparence d\u00e9licieux.<\/p>\t\t\t\t\t\t\t\t<\/div>\n\t\t\t\t<\/div>\n\t\t\t\t\t<\/div>\n\t\t\t\t<\/div>\n\t\t<div class=\"elementor-element elementor-element-2f08bd4 e-flex e-con-boxed e-con e-parent\" data-id=\"2f08bd4\" data-element_type=\"container\" data-e-type=\"container\">\n\t\t\t\t\t<div class=\"e-con-inner\">\n\t\t<div class=\"elementor-element elementor-element-e88877b e-con-full e-flex e-con e-child\" data-id=\"e88877b\" data-element_type=\"container\" data-e-type=\"container\" data-settings=\"{&quot;background_background&quot;:&quot;classic&quot;}\">\n\t\t\t\t<div class=\"elementor-element elementor-element-74c7816 elementor-widget elementor-widget-spacer\" data-id=\"74c7816\" data-element_type=\"widget\" data-e-type=\"widget\" data-widget_type=\"spacer.default\">\n\t\t\t\t<div class=\"elementor-widget-container\">\n\t\t\t\t\t\t\t<div class=\"elementor-spacer\">\n\t\t\t<div class=\"elementor-spacer-inner\"><\/div>\n\t\t<\/div>\n\t\t\t\t\t\t<\/div>\n\t\t\t\t<\/div>\n\t\t\t\t<\/div>\n\t\t<div class=\"elementor-element elementor-element-464803b e-con-full e-flex e-con e-child\" data-id=\"464803b\" data-element_type=\"container\" data-e-type=\"container\">\n\t\t\t\t<div class=\"elementor-element elementor-element-905f4e3 elementor-widget elementor-widget-text-editor\" data-id=\"905f4e3\" data-element_type=\"widget\" data-e-type=\"widget\" data-widget_type=\"text-editor.default\">\n\t\t\t\t<div class=\"elementor-widget-container\">\n\t\t\t\t\t\t\t\t\t<p>Le v\u00e9ganisme n&#8217;est pas une forme de d\u00e9pravation. C&#8217;est un mode de vie qui embrasse la vie et la vit pleinement. Le v\u00e9ganisme porte des promesses pour une population en meilleure sant\u00e9, la durabilit\u00e9, la bienveillance, la compassion et la justice pour tous les individus de toutes les esp\u00e8ces, la nature et la plan\u00e8te Terre.<\/p><p>Ne laissez personne de c\u00f4t\u00e9. Chacun m\u00e9rite justice et une place \u00e0 la table des Nations Unies, quelle que soit son esp\u00e8ce. La devise de l&#8217;ONU, \u00ab Ne laissez personne de c\u00f4t\u00e9 \u00bb, devrait s&#8217;appliquer \u00e0 tous les habitants de la plan\u00e8te Terre, et pas seulement \u00e0 une seule esp\u00e8ce : l&#8217;esp\u00e8ce humaine.<\/p><p>Ne laissez personne de c\u00f4t\u00e9. Chacun m\u00e9rite justice et une place \u00e0 la table des n\u00e9gociations des Nations Unies, quelle que soit son esp\u00e8ce. La devise de l&#8217;ONU, \u00ab Ne laissez personne de c\u00f4t\u00e9 \u00bb, devrait s&#8217;appliquer \u00e0 tous les habitants de la plan\u00e8te Terre, et pas seulement \u00e0 une seule esp\u00e8ce : les humains.<\/p><p>\u00ab Les animaux non humains sont des \u00eatres sensibles, et non de simples biens, et doivent b\u00e9n\u00e9ficier du respect et de la reconnaissance juridique. \u00bb \u2013 Antonio Guterres, Secr\u00e9taire g\u00e9n\u00e9ral de l&#8217;ONU.<\/p><p>Les objectifs de Vegan International sont atteints gr\u00e2ce \u00e0 son site Web, aux bulletins d\u2019information trimestriels, \u00e0 la participation aux conf\u00e9rences des Nations Unies, \u00e0 des partenariats avec d\u2019autres ONG et agences des Nations Unies, \u00e0 des rencontres avec des repr\u00e9sentants des gouvernements, et \u00e0 l&#8217;\u00e9ducation du public.<\/p>\t\t\t\t\t\t\t\t<\/div>\n\t\t\t\t<\/div>\n\t\t\t\t<\/div>\n\t\t\t\t\t<\/div>\n\t\t\t\t<\/div>\n\t\t\t\t<\/div>\n\t\t","protected":false},"excerpt":{"rendered":"<p>Bienvenue sur le site de Vegan International ! Raoul Wallenberg Vegan International (Vegan International) est une organisation caritative \u00e0 but non lucratif (501c3), actuellement en cours de demande pour obtenir le statut d\u2019organisation non gouvernementale (ONG) aupr\u00e8s des Nations Unies. Vegan International vise \u00e0 sensibiliser les individus, les groupes de la soci\u00e9t\u00e9 civile et les [&hellip;]<\/p>\n","protected":false},"author":1,"featured_media":0,"parent":0,"menu_order":0,"comment_status":"closed","ping_status":"closed","template":"elementor_header_footer","meta":{"footnotes":""},"class_list":["post-11","page","type-page","status-publish","hentry"],"_links":{"self":[{"href":"https:\/\/veganinternational.org\/french\/wp-json\/wp\/v2\/pages\/11","targetHints":{"allow":["GET"]}}],"collection":[{"href":"https:\/\/veganinternational.org\/french\/wp-json\/wp\/v2\/pages"}],"about":[{"href":"https:\/\/veganinternational.org\/french\/wp-json\/wp\/v2\/types\/page"}],"author":[{"embeddable":true,"href":"https:\/\/veganinternational.org\/french\/wp-json\/wp\/v2\/users\/1"}],"replies":[{"embeddable":true,"href":"https:\/\/veganinternational.org\/french\/wp-json\/wp\/v2\/comments?post=11"}],"version-history":[{"count":152,"href":"https:\/\/veganinternational.org\/french\/wp-json\/wp\/v2\/pages\/11\/revisions"}],"predecessor-version":[{"id":1120,"href":"https:\/\/veganinternational.org\/french\/wp-json\/wp\/v2\/pages\/11\/revisions\/1120"}],"wp:attachment":[{"href":"https:\/\/veganinternational.org\/french\/wp-json\/wp\/v2\/media?parent=11"}],"curies":[{"name":"wp","href":"https:\/\/api.w.org\/{rel}","templated":true}]}}