{"id":14,"date":"2025-04-24T19:18:25","date_gmt":"2025-04-24T19:18:25","guid":{"rendered":"https:\/\/veganinternational.org\/french\/?page_id=14"},"modified":"2025-07-14T18:15:45","modified_gmt":"2025-07-14T18:15:45","slug":"nous","status":"publish","type":"page","link":"https:\/\/veganinternational.org\/french\/nous\/","title":{"rendered":"\u00c0 propos"},"content":{"rendered":"\t\t<div data-elementor-type=\"wp-page\" data-elementor-id=\"14\" class=\"elementor elementor-14\" data-elementor-post-type=\"page\">\n\t\t\t\t<div class=\"elementor-element elementor-element-4d8643b e-flex e-con-boxed e-con e-parent\" data-id=\"4d8643b\" data-element_type=\"container\" data-e-type=\"container\" data-settings=\"{&quot;background_background&quot;:&quot;classic&quot;}\">\n\t\t\t\t\t<div class=\"e-con-inner\">\n\t\t\t\t\t<\/div>\n\t\t\t\t<\/div>\n\t\t<div class=\"elementor-element elementor-element-0b67c2d e-flex e-con-boxed e-con e-parent\" data-id=\"0b67c2d\" data-element_type=\"container\" data-e-type=\"container\">\n\t\t\t\t\t<div class=\"e-con-inner\">\n\t\t\t\t<div class=\"elementor-element elementor-element-3d066a3 elementor-widget elementor-widget-heading\" data-id=\"3d066a3\" data-element_type=\"widget\" data-e-type=\"widget\" data-widget_type=\"heading.default\">\n\t\t\t\t<div class=\"elementor-widget-container\">\n\t\t\t\t\t<h2 class=\"elementor-heading-title elementor-size-default\">Membres Du Conseil D'administration De Vegan International<\/h2>\t\t\t\t<\/div>\n\t\t\t\t<\/div>\n\t\t<div class=\"elementor-element elementor-element-c4a3879 e-con-full e-flex e-con e-child\" data-id=\"c4a3879\" data-element_type=\"container\" data-e-type=\"container\">\n\t\t<div class=\"elementor-element elementor-element-dc405f1 e-con-full e-flex e-con e-child\" data-id=\"dc405f1\" data-element_type=\"container\" data-e-type=\"container\">\n\t\t\t\t<div class=\"elementor-element elementor-element-79a2f1b elementor-widget__width-initial elementor-widget elementor-widget-image-box\" data-id=\"79a2f1b\" data-element_type=\"widget\" data-e-type=\"widget\" data-widget_type=\"image-box.default\">\n\t\t\t\t<div class=\"elementor-widget-container\">\n\t\t\t\t\t<div class=\"elementor-image-box-wrapper\"><div class=\"elementor-image-box-content\"><h3 class=\"elementor-image-box-title\">Sharon Leontine Wallenberg<\/h3><p class=\"elementor-image-box-description\">fondatrice et pr\u00e9sidente de Vegan International, a particip\u00e9 \u00e0 des conf\u00e9rences de l'Organisation mondiale de la sant\u00e9 (OMS) et \u00e0 celles d'organisations non gouvernementales (ONG) des Nations Unies. Elle est \u00e9galement auteure et \u00e9ditrice.<\/p><\/div><\/div>\t\t\t\t<\/div>\n\t\t\t\t<\/div>\n\t\t\t\t<\/div>\n\t\t<div class=\"elementor-element elementor-element-67505d5 e-con-full e-flex e-con e-child\" data-id=\"67505d5\" data-element_type=\"container\" data-e-type=\"container\">\n\t\t\t\t<div class=\"elementor-element elementor-element-e8be296 elementor-widget__width-initial elementor-widget elementor-widget-image-box\" data-id=\"e8be296\" data-element_type=\"widget\" data-e-type=\"widget\" data-widget_type=\"image-box.default\">\n\t\t\t\t<div class=\"elementor-widget-container\">\n\t\t\t\t\t<div class=\"elementor-image-box-wrapper\"><div class=\"elementor-image-box-content\"><h3 class=\"elementor-image-box-title\">Shanti Golden<\/h3><p class=\"elementor-image-box-description\">v\u00e9gane depuis 35 ans, est enseignante sp\u00e9cialis\u00e9e et a enseign\u00e9 dans des \u00e9coles publiques de New York et de Floride.<\/p><\/div><\/div>\t\t\t\t<\/div>\n\t\t\t\t<\/div>\n\t\t\t\t<\/div>\n\t\t\t\t<\/div>\n\t\t\t\t\t<\/div>\n\t\t\t\t<\/div>\n\t\t<div class=\"elementor-element elementor-element-89b1124 e-flex e-con-boxed e-con e-parent\" data-id=\"89b1124\" data-element_type=\"container\" data-e-type=\"container\">\n\t\t\t\t\t<div class=\"e-con-inner\">\n\t\t\t\t<div class=\"elementor-element elementor-element-2b75cf4 elementor-widget elementor-widget-heading\" data-id=\"2b75cf4\" data-element_type=\"widget\" data-e-type=\"widget\" data-widget_type=\"heading.default\">\n\t\t\t\t<div class=\"elementor-widget-container\">\n\t\t\t\t\t<h2 class=\"elementor-heading-title elementor-size-default\">Conseil Consultatif International Vegan<\/h2>\t\t\t\t<\/div>\n\t\t\t\t<\/div>\n\t\t<div class=\"elementor-element elementor-element-d739142 e-con-full e-flex e-con e-child\" data-id=\"d739142\" data-element_type=\"container\" data-e-type=\"container\">\n\t\t<div class=\"elementor-element elementor-element-444ec87 e-con-full e-flex e-con e-child\" data-id=\"444ec87\" data-element_type=\"container\" data-e-type=\"container\">\n\t\t\t\t<div class=\"elementor-element elementor-element-d1fc3c8 elementor-widget__width-initial elementor-widget elementor-widget-image-box\" data-id=\"d1fc3c8\" data-element_type=\"widget\" data-e-type=\"widget\" data-widget_type=\"image-box.default\">\n\t\t\t\t<div class=\"elementor-widget-container\">\n\t\t\t\t\t<div class=\"elementor-image-box-wrapper\"><div class=\"elementor-image-box-content\"><h3 class=\"elementor-image-box-title\">Dr Nandita Shah, M.D.<\/h3><p class=\"elementor-image-box-description\">docteure en m\u00e9decine et auteure, originaire d'Inde, est fondatrice de SHARAN, une association qui aide les individus \u00e0 se connecter aux animaux et \u00e0 la nature pour se soigner et soigner la plan\u00e8te.<\/p><\/div><\/div>\t\t\t\t<\/div>\n\t\t\t\t<\/div>\n\t\t\t\t<\/div>\n\t\t<div class=\"elementor-element elementor-element-910bc40 e-con-full e-flex e-con e-child\" data-id=\"910bc40\" data-element_type=\"container\" data-e-type=\"container\">\n\t\t\t\t<div class=\"elementor-element elementor-element-a08747c elementor-widget__width-initial elementor-widget elementor-widget-image-box\" data-id=\"a08747c\" data-element_type=\"widget\" data-e-type=\"widget\" data-widget_type=\"image-box.default\">\n\t\t\t\t<div class=\"elementor-widget-container\">\n\t\t\t\t\t<div class=\"elementor-image-box-wrapper\"><div class=\"elementor-image-box-content\"><h3 class=\"elementor-image-box-title\">Nassim Nobari <\/h3><p class=\"elementor-image-box-description\">est expert en agriculture v\u00e9gane durable, cofondateur de Seed the Commons et principal organisateur du People's Harvest Forum. Il a collabor\u00e9 avec des programmes communautaires en Suisse et aux \u00c9tats-Unis en tant que militant pour la justice sociale et l'alimentation. Il s'efforce de b\u00e2tir un syst\u00e8me alimentaire adapt\u00e9 aux agriculteurs et aux consommateurs, et de supprimer le lait impur des cantines scolaires.<\/p><\/div><\/div>\t\t\t\t<\/div>\n\t\t\t\t<\/div>\n\t\t\t\t<\/div>\n\t\t<div class=\"elementor-element elementor-element-134cca0 e-con-full e-flex e-con e-child\" data-id=\"134cca0\" data-element_type=\"container\" data-e-type=\"container\">\n\t\t\t\t<div class=\"elementor-element elementor-element-c6cd4c6 elementor-widget__width-initial elementor-widget elementor-widget-image-box\" data-id=\"c6cd4c6\" data-element_type=\"widget\" data-e-type=\"widget\" data-widget_type=\"image-box.default\">\n\t\t\t\t<div class=\"elementor-widget-container\">\n\t\t\t\t\t<div class=\"elementor-image-box-wrapper\"><div class=\"elementor-image-box-content\"><h3 class=\"elementor-image-box-title\">Robert Grillo<\/h3><p class=\"elementor-image-box-description\">est le fondateur de \u00ab Free From Harm \u00bb, qui d\u00e9fend les animaux exploit\u00e9s par l'agriculture animale. Son livre, \u00ab De la ferme \u00e0 la fable \u00bb, r\u00e9v\u00e8le comment les gens sont conditionn\u00e9s \u00e0 accepter la consommation animale de masse. \u00ab Il n'y a pas de paix mondiale sans justice pour tous, pas seulement pour les membres d'une esp\u00e8ce particuli\u00e8re.\u00bb<\/p><\/div><\/div>\t\t\t\t<\/div>\n\t\t\t\t<\/div>\n\t\t\t\t<\/div>\n\t\t<div class=\"elementor-element elementor-element-65a0f3c e-con-full e-flex e-con e-child\" data-id=\"65a0f3c\" data-element_type=\"container\" data-e-type=\"container\">\n\t\t\t\t<div class=\"elementor-element elementor-element-c81aebc elementor-widget__width-initial elementor-widget elementor-widget-image-box\" data-id=\"c81aebc\" data-element_type=\"widget\" data-e-type=\"widget\" data-widget_type=\"image-box.default\">\n\t\t\t\t<div class=\"elementor-widget-container\">\n\t\t\t\t\t<div class=\"elementor-image-box-wrapper\"><div class=\"elementor-image-box-content\"><h3 class=\"elementor-image-box-title\">Robert Cheeke <\/h3><p class=\"elementor-image-box-description\">est un athl\u00e8te v\u00e9g\u00e9talien, champion de culturisme et auteur \u00e0 succ\u00e8s qui parcourt le monde pour raconter sa transformation, passant d'un enfant de ferme maigre \u00e0 un champion de culturisme v\u00e9g\u00e9talien.<\/p><\/div><\/div>\t\t\t\t<\/div>\n\t\t\t\t<\/div>\n\t\t\t\t<\/div>\n\t\t<div class=\"elementor-element elementor-element-a3e1a30 e-con-full e-flex e-con e-child\" data-id=\"a3e1a30\" data-element_type=\"container\" data-e-type=\"container\">\n\t\t\t\t<div class=\"elementor-element elementor-element-c8e1a47 elementor-widget__width-initial elementor-widget elementor-widget-image-box\" data-id=\"c8e1a47\" data-element_type=\"widget\" data-e-type=\"widget\" data-widget_type=\"image-box.default\">\n\t\t\t\t<div class=\"elementor-widget-container\">\n\t\t\t\t\t<div class=\"elementor-image-box-wrapper\"><div class=\"elementor-image-box-content\"><h3 class=\"elementor-image-box-title\">Anita Krajnc Ph.D.<\/h3><p class=\"elementor-image-box-description\">Canadienne, est la fondatrice de Toronto Pig Save, un mouvement citoyen de sauvegarde qui conna\u00eet la plus grande et la plus forte croissance au monde, ainsi qu'un mouvement mondial pour un trait\u00e9 v\u00e9g\u00e9talien. Anita et d'autres ont offert de l'eau et du r\u00e9confort aux porcs dans les camions d'abattage et ont \u00e9t\u00e9 emprisonn\u00e9es pour crime. Sa lib\u00e9ration a suscit\u00e9 l'indignation mondiale.<\/p><\/div><\/div>\t\t\t\t<\/div>\n\t\t\t\t<\/div>\n\t\t\t\t<\/div>\n\t\t<div class=\"elementor-element elementor-element-60cc1af e-con-full e-flex e-con e-child\" data-id=\"60cc1af\" data-element_type=\"container\" data-e-type=\"container\">\n\t\t\t\t<div class=\"elementor-element elementor-element-751cd34 elementor-widget__width-initial elementor-widget elementor-widget-image-box\" data-id=\"751cd34\" data-element_type=\"widget\" data-e-type=\"widget\" data-widget_type=\"image-box.default\">\n\t\t\t\t<div class=\"elementor-widget-container\">\n\t\t\t\t\t<div class=\"elementor-image-box-wrapper\"><div class=\"elementor-image-box-content\"><h3 class=\"elementor-image-box-title\">Victor Fodeke, Ph.D.<\/h3><p class=\"elementor-image-box-description\">Nig\u00e9ria, ancien conseiller technique sur le changement climatique aupr\u00e8s de la Commission de l'Union africaine, directeur g\u00e9n\u00e9ral du Sommet africain pour l'\u00e9nergie propre et du Centre africain des solutions climatiques. Victor est sensible \u00e0 la situation critique des sans-voix dans \u00ab VoicelessOnes \u00bb.<\/p><\/div><\/div>\t\t\t\t<\/div>\n\t\t\t\t<\/div>\n\t\t\t\t<\/div>\n\t\t<div class=\"elementor-element elementor-element-e7de6c3 e-con-full e-flex e-con e-child\" data-id=\"e7de6c3\" data-element_type=\"container\" data-e-type=\"container\">\n\t\t\t\t<div class=\"elementor-element elementor-element-0550e50 elementor-widget__width-initial elementor-widget elementor-widget-image-box\" data-id=\"0550e50\" data-element_type=\"widget\" data-e-type=\"widget\" data-widget_type=\"image-box.default\">\n\t\t\t\t<div class=\"elementor-widget-container\">\n\t\t\t\t\t<div class=\"elementor-image-box-wrapper\"><div class=\"elementor-image-box-content\"><h3 class=\"elementor-image-box-title\">Budjargal Byambaa<\/h3><p class=\"elementor-image-box-description\">de Mongolie, est un coureur d'ultra-distance v\u00e9g\u00e9talien et crudivore. Il parcourt des distances extr\u00eames sur plusieurs jours \u00e0 des vitesses impressionnantes, \u00e9tablissant des records de parcours. Il a notamment remport\u00e9 la course de 10 jours de Sri Chinmoy, la course de 6 jours Icarus Florida et la course de 6 jours de Xiamen. Il d\u00e9tient \u00e9galement le record national de course sur 24 heures.<\/p><\/div><\/div>\t\t\t\t<\/div>\n\t\t\t\t<\/div>\n\t\t\t\t<\/div>\n\t\t<div class=\"elementor-element elementor-element-e4be796 e-con-full e-flex e-con e-child\" data-id=\"e4be796\" data-element_type=\"container\" data-e-type=\"container\">\n\t\t\t\t<div class=\"elementor-element elementor-element-9f1d2b9 elementor-widget__width-initial elementor-widget elementor-widget-image-box\" data-id=\"9f1d2b9\" data-element_type=\"widget\" data-e-type=\"widget\" data-widget_type=\"image-box.default\">\n\t\t\t\t<div class=\"elementor-widget-container\">\n\t\t\t\t\t<div class=\"elementor-image-box-wrapper\"><div class=\"elementor-image-box-content\"><h3 class=\"elementor-image-box-title\">Krishna Murari Gautam<\/h3><p class=\"elementor-image-box-description\">du N\u00e9pal, fondateur d'Aging Nepal, une ONG membre de l'ECOSOC des Nations Unies, poss\u00e8de plus de 30 ans d'exp\u00e9rience dans la gestion de l'eau, l'irrigation et les aspects socio-\u00e9conomiques de projets de d\u00e9veloppement rural en Inde, au N\u00e9pal et en Chine. Il a cr\u00e9\u00e9 une \u00ab Zone sans mise \u00e0 mort \u00bb \u00e0 Katmandou. \u00ab Il existe de nombreux corps \u2013 humains, animaux, insectes \u2013 mais une seule vie. \u00bb<\/p><\/div><\/div>\t\t\t\t<\/div>\n\t\t\t\t<\/div>\n\t\t\t\t<\/div>\n\t\t<div class=\"elementor-element elementor-element-13eb69d e-con-full e-flex e-con e-child\" data-id=\"13eb69d\" data-element_type=\"container\" data-e-type=\"container\">\n\t\t\t\t<div class=\"elementor-element elementor-element-e4abd78 elementor-widget__width-initial elementor-widget elementor-widget-image-box\" data-id=\"e4abd78\" data-element_type=\"widget\" data-e-type=\"widget\" data-widget_type=\"image-box.default\">\n\t\t\t\t<div class=\"elementor-widget-container\">\n\t\t\t\t\t<div class=\"elementor-image-box-wrapper\"><div class=\"elementor-image-box-content\"><h3 class=\"elementor-image-box-title\">T. Colin Campbell, Ph.D.<\/h3><p class=\"elementor-image-box-description\">auteur de l'\u00e9tude \u00ab China Study \u00bb, qualifi\u00e9e de \u00ab Grand Prix d'\u00e9pid\u00e9miologie \u00bb par le New York Times. Son influence s'\u00e9tend \u00e0 l'\u00e9ducation, aux politiques publiques et \u00e0 la recherche en laboratoire, notamment sur le lien entre alimentation et maladie.<\/p><\/div><\/div>\t\t\t\t<\/div>\n\t\t\t\t<\/div>\n\t\t\t\t<\/div>\n\t\t<div class=\"elementor-element elementor-element-afe530b e-con-full e-flex e-con e-child\" data-id=\"afe530b\" data-element_type=\"container\" data-e-type=\"container\">\n\t\t\t\t<div class=\"elementor-element elementor-element-9edcf07 elementor-widget__width-initial elementor-widget elementor-widget-image-box\" data-id=\"9edcf07\" data-element_type=\"widget\" data-e-type=\"widget\" data-widget_type=\"image-box.default\">\n\t\t\t\t<div class=\"elementor-widget-container\">\n\t\t\t\t\t<div class=\"elementor-image-box-wrapper\"><div class=\"elementor-image-box-content\"><h3 class=\"elementor-image-box-title\">Neal Barnard, M.D.<\/h3><p class=\"elementor-image-box-description\">fondateur du Physicians Committee For Responsible Medicine, professeur adjoint de m\u00e9decine \u00e0 l'Universit\u00e9 George Washington, chercheur aux National Institutes of Health, auteur d'ouvrages sur la nutrition et la sant\u00e9, et r\u00e9dacteur du Nutrition Guide for Clinicians.<\/p><\/div><\/div>\t\t\t\t<\/div>\n\t\t\t\t<\/div>\n\t\t\t\t<\/div>\n\t\t<div class=\"elementor-element elementor-element-7d4ca0e e-con-full e-flex e-con e-child\" data-id=\"7d4ca0e\" data-element_type=\"container\" data-e-type=\"container\">\n\t\t\t\t<div class=\"elementor-element elementor-element-9c20ccb elementor-widget__width-initial elementor-widget elementor-widget-image-box\" data-id=\"9c20ccb\" data-element_type=\"widget\" data-e-type=\"widget\" data-widget_type=\"image-box.default\">\n\t\t\t\t<div class=\"elementor-widget-container\">\n\t\t\t\t\t<div class=\"elementor-image-box-wrapper\"><div class=\"elementor-image-box-content\"><h3 class=\"elementor-image-box-title\">Gene Baur<\/h3><p class=\"elementor-image-box-description\">est cofondateur et pr\u00e9sident de Farm Sanctuary. Il est titulaire d'un master en \u00e9conomie agricole de l'universit\u00e9 Cornell, membre du corps professoral de la Johns Hopkins Bloomberg School of Public Health, auteur et figure embl\u00e9matique du mouvement alimentaire selon le magazine TIME.<\/p><\/div><\/div>\t\t\t\t<\/div>\n\t\t\t\t<\/div>\n\t\t\t\t<\/div>\n\t\t<div class=\"elementor-element elementor-element-1eb58d5 e-con-full e-flex e-con e-child\" data-id=\"1eb58d5\" data-element_type=\"container\" data-e-type=\"container\">\n\t\t\t\t<div class=\"elementor-element elementor-element-b2f9063 elementor-widget__width-initial elementor-widget elementor-widget-image-box\" data-id=\"b2f9063\" data-element_type=\"widget\" data-e-type=\"widget\" data-widget_type=\"image-box.default\">\n\t\t\t\t<div class=\"elementor-widget-container\">\n\t\t\t\t\t<div class=\"elementor-image-box-wrapper\"><div class=\"elementor-image-box-content\"><h3 class=\"elementor-image-box-title\">Lawrence H. Kushi, Sc. D.<\/h3><p class=\"elementor-image-box-description\">docteur en sciences, est nutritionniste et \u00e9pid\u00e9miologiste du cancer. Il a si\u00e9g\u00e9 aux comit\u00e9s des National Institutes of Health, de l'American Institute for Cancer Research et du World Cancer Research Fund, et dirige le r\u00e9seau de recherche sur le cancer du NCI.<\/p><\/div><\/div>\t\t\t\t<\/div>\n\t\t\t\t<\/div>\n\t\t\t\t<\/div>\n\t\t<div class=\"elementor-element elementor-element-fda6367 e-con-full e-flex e-con e-child\" data-id=\"fda6367\" data-element_type=\"container\" data-e-type=\"container\">\n\t\t\t\t<div class=\"elementor-element elementor-element-03feb14 elementor-widget__width-initial elementor-widget elementor-widget-image-box\" data-id=\"03feb14\" data-element_type=\"widget\" data-e-type=\"widget\" data-widget_type=\"image-box.default\">\n\t\t\t\t<div class=\"elementor-widget-container\">\n\t\t\t\t\t<div class=\"elementor-image-box-wrapper\"><div class=\"elementor-image-box-content\"><h3 class=\"elementor-image-box-title\">Michael Klaper, M.D. <\/h3><p class=\"elementor-image-box-description\">a \u00e9t\u00e9 conseiller en nutrition pour les programmes Space Colonists de la NASA et membre du groupe de travail sur la nutrition de l'American Medical Students Association. Il d\u00e9fend les choix alimentaires et les modes de vie. Son livre pr\u00e9conise l'utilisation de plantes m\u00e9dicinales pour pr\u00e9venir et inverser les maladies.<\/p><\/div><\/div>\t\t\t\t<\/div>\n\t\t\t\t<\/div>\n\t\t\t\t<\/div>\n\t\t<div class=\"elementor-element elementor-element-1b02a2a e-con-full e-flex e-con e-child\" data-id=\"1b02a2a\" data-element_type=\"container\" data-e-type=\"container\">\n\t\t\t\t<div class=\"elementor-element elementor-element-f9b3386 elementor-widget__width-initial elementor-widget elementor-widget-image\" data-id=\"f9b3386\" data-element_type=\"widget\" data-e-type=\"widget\" data-widget_type=\"image.default\">\n\t\t\t\t<div class=\"elementor-widget-container\">\n\t\t\t\t\t\t\t\t\t\t\t\t\t\t\t<img fetchpriority=\"high\" decoding=\"async\" width=\"480\" height=\"664\" src=\"https:\/\/veganinternational.org\/french\/wp-content\/uploads\/2025\/05\/The-Search-For-Raoul-Wallenberg-Author-Page.jpg\" class=\"attachment-large size-large wp-image-554\" alt=\"\" srcset=\"https:\/\/veganinternational.org\/french\/wp-content\/uploads\/2025\/05\/The-Search-For-Raoul-Wallenberg-Author-Page.jpg 480w, https:\/\/veganinternational.org\/french\/wp-content\/uploads\/2025\/05\/The-Search-For-Raoul-Wallenberg-Author-Page-217x300.jpg 217w\" sizes=\"(max-width: 480px) 100vw, 480px\" \/>\t\t\t\t\t\t\t\t\t\t\t\t\t\t\t<\/div>\n\t\t\t\t<\/div>\n\t\t\t\t<div class=\"elementor-element elementor-element-03b609a elementor-widget__width-initial elementor-widget elementor-widget-image\" data-id=\"03b609a\" data-element_type=\"widget\" data-e-type=\"widget\" data-widget_type=\"image.default\">\n\t\t\t\t<div class=\"elementor-widget-container\">\n\t\t\t\t\t\t\t\t\t\t\t\t\t\t\t<img decoding=\"async\" width=\"642\" height=\"1024\" src=\"https:\/\/veganinternational.org\/french\/wp-content\/uploads\/2025\/05\/Liberty-61-Book-2-642x1024.jpg\" class=\"attachment-large size-large wp-image-552\" alt=\"\" srcset=\"https:\/\/veganinternational.org\/french\/wp-content\/uploads\/2025\/05\/Liberty-61-Book-2-642x1024.jpg 642w, https:\/\/veganinternational.org\/french\/wp-content\/uploads\/2025\/05\/Liberty-61-Book-2-188x300.jpg 188w, https:\/\/veganinternational.org\/french\/wp-content\/uploads\/2025\/05\/Liberty-61-Book-2.jpg 734w\" sizes=\"(max-width: 642px) 100vw, 642px\" \/>\t\t\t\t\t\t\t\t\t\t\t\t\t\t\t<\/div>\n\t\t\t\t<\/div>\n\t\t\t\t<div class=\"elementor-element elementor-element-3dd5c94 elementor-widget__width-initial elementor-widget elementor-widget-image\" data-id=\"3dd5c94\" data-element_type=\"widget\" data-e-type=\"widget\" data-widget_type=\"image.default\">\n\t\t\t\t<div class=\"elementor-widget-container\">\n\t\t\t\t\t\t\t\t\t\t\t\t\t\t\t<img decoding=\"async\" width=\"387\" height=\"595\" src=\"https:\/\/veganinternational.org\/french\/wp-content\/uploads\/2025\/05\/Where-Do-You-Get-Your-Protein-Rethinking-Food.jpg\" class=\"attachment-large size-large wp-image-555\" alt=\"\" srcset=\"https:\/\/veganinternational.org\/french\/wp-content\/uploads\/2025\/05\/Where-Do-You-Get-Your-Protein-Rethinking-Food.jpg 387w, https:\/\/veganinternational.org\/french\/wp-content\/uploads\/2025\/05\/Where-Do-You-Get-Your-Protein-Rethinking-Food-195x300.jpg 195w\" sizes=\"(max-width: 387px) 100vw, 387px\" \/>\t\t\t\t\t\t\t\t\t\t\t\t\t\t\t<\/div>\n\t\t\t\t<\/div>\n\t\t\t\t<div class=\"elementor-element elementor-element-50792b0 elementor-widget__width-initial elementor-widget elementor-widget-image\" data-id=\"50792b0\" data-element_type=\"widget\" data-e-type=\"widget\" data-widget_type=\"image.default\">\n\t\t\t\t<div class=\"elementor-widget-container\">\n\t\t\t\t\t\t\t\t\t\t\t\t\t\t\t<img loading=\"lazy\" decoding=\"async\" width=\"673\" height=\"1024\" src=\"https:\/\/veganinternational.org\/french\/wp-content\/uploads\/2025\/05\/Liberty-61-Book-4-673x1024.jpg\" class=\"attachment-large size-large wp-image-553\" alt=\"\" srcset=\"https:\/\/veganinternational.org\/french\/wp-content\/uploads\/2025\/05\/Liberty-61-Book-4-673x1024.jpg 673w, https:\/\/veganinternational.org\/french\/wp-content\/uploads\/2025\/05\/Liberty-61-Book-4-197x300.jpg 197w, https:\/\/veganinternational.org\/french\/wp-content\/uploads\/2025\/05\/Liberty-61-Book-4.jpg 734w\" sizes=\"(max-width: 673px) 100vw, 673px\" \/>\t\t\t\t\t\t\t\t\t\t\t\t\t\t\t<\/div>\n\t\t\t\t<\/div>\n\t\t\t\t<\/div>\n\t\t\t\t<\/div>\n\t\t\t\t\t<\/div>\n\t\t\t\t<\/div>\n\t\t\t\t<\/div>\n\t\t","protected":false},"excerpt":{"rendered":"<p>Membres Du Conseil D&#8217;administration De Vegan International Sharon Leontine Wallenberg fondatrice et pr\u00e9sidente de Vegan International, a particip\u00e9 \u00e0 des conf\u00e9rences de l&#8217;Organisation mondiale de la sant\u00e9 (OMS) et \u00e0 celles d&#8217;organisations non gouvernementales (ONG) des Nations Unies. Elle est \u00e9galement auteure et \u00e9ditrice. Shanti Golden v\u00e9gane depuis 35 ans, est enseignante sp\u00e9cialis\u00e9e et a [&hellip;]<\/p>\n","protected":false},"author":1,"featured_media":0,"parent":0,"menu_order":0,"comment_status":"closed","ping_status":"closed","template":"elementor_header_footer","meta":{"footnotes":""},"class_list":["post-14","page","type-page","status-publish","hentry"],"_links":{"self":[{"href":"https:\/\/veganinternational.org\/french\/wp-json\/wp\/v2\/pages\/14","targetHints":{"allow":["GET"]}}],"collection":[{"href":"https:\/\/veganinternational.org\/french\/wp-json\/wp\/v2\/pages"}],"about":[{"href":"https:\/\/veganinternational.org\/french\/wp-json\/wp\/v2\/types\/page"}],"author":[{"embeddable":true,"href":"https:\/\/veganinternational.org\/french\/wp-json\/wp\/v2\/users\/1"}],"replies":[{"embeddable":true,"href":"https:\/\/veganinternational.org\/french\/wp-json\/wp\/v2\/comments?post=14"}],"version-history":[{"count":128,"href":"https:\/\/veganinternational.org\/french\/wp-json\/wp\/v2\/pages\/14\/revisions"}],"predecessor-version":[{"id":1070,"href":"https:\/\/veganinternational.org\/french\/wp-json\/wp\/v2\/pages\/14\/revisions\/1070"}],"wp:attachment":[{"href":"https:\/\/veganinternational.org\/french\/wp-json\/wp\/v2\/media?parent=14"}],"curies":[{"name":"wp","href":"https:\/\/api.w.org\/{rel}","templated":true}]}}