{"id":20,"date":"2025-04-24T19:19:26","date_gmt":"2025-04-24T19:19:26","guid":{"rendered":"https:\/\/veganinternational.org\/french\/?page_id=20"},"modified":"2025-07-04T18:36:54","modified_gmt":"2025-07-04T18:36:54","slug":"page-zoonoses","status":"publish","type":"page","link":"https:\/\/veganinternational.org\/french\/page-zoonoses\/","title":{"rendered":"Page Zoonoses"},"content":{"rendered":"\t\t<div data-elementor-type=\"wp-page\" data-elementor-id=\"20\" class=\"elementor elementor-20\" data-elementor-post-type=\"page\">\n\t\t\t\t<div class=\"elementor-element elementor-element-899b2c8 e-flex e-con-boxed e-con e-parent\" data-id=\"899b2c8\" data-element_type=\"container\" data-e-type=\"container\" data-settings=\"{&quot;background_background&quot;:&quot;classic&quot;}\">\n\t\t\t\t\t<div class=\"e-con-inner\">\n\t\t\t\t\t<\/div>\n\t\t\t\t<\/div>\n\t\t<div class=\"elementor-element elementor-element-3bfdee6 e-flex e-con-boxed e-con e-parent\" data-id=\"3bfdee6\" data-element_type=\"container\" data-e-type=\"container\">\n\t\t\t\t\t<div class=\"e-con-inner\">\n\t\t<div class=\"elementor-element elementor-element-6778389 e-con-full e-flex e-con e-child\" data-id=\"6778389\" data-element_type=\"container\" data-e-type=\"container\">\n\t\t\t\t<div class=\"elementor-element elementor-element-f7f74f3 elementor-widget elementor-widget-heading\" data-id=\"f7f74f3\" data-element_type=\"widget\" data-e-type=\"widget\" data-widget_type=\"heading.default\">\n\t\t\t\t<div class=\"elementor-widget-container\">\n\t\t\t\t\t<h2 class=\"elementor-heading-title elementor-size-default\">Les Maladies Zoonotiques<\/h2>\t\t\t\t<\/div>\n\t\t\t\t<\/div>\n\t\t\t\t<div class=\"elementor-element elementor-element-22b6a36 elementor-widget elementor-widget-text-editor\" data-id=\"22b6a36\" data-element_type=\"widget\" data-e-type=\"widget\" data-widget_type=\"text-editor.default\">\n\t\t\t\t<div class=\"elementor-widget-container\">\n\t\t\t\t\t\t\t\t\t<p>Les zoonoses, \u00e0 l&#8217;origine d&#8217;\u00e9pid\u00e9mies et de pand\u00e9mies, se transmettent \u00e0 l&#8217;homme par des animaux injustement incarc\u00e9r\u00e9s et exploit\u00e9s. Les pand\u00e9mies les plus meurtri\u00e8res de l&#8217;histoire sont zoonotiques. Le sp\u00e9cisme est la cause sous-jacente des zoonoses. Il s&#8217;agit de la maltraitance et de l&#8217;exploitation d&#8217;autres esp\u00e8ces au profit de l&#8217;esp\u00e8ce humaine, notamment la destruction de leur habitat, l&#8217;extinction de certaines esp\u00e8ces, la consommation, l&#8217;incarc\u00e9ration et l&#8217;exploitation d&#8217;animaux.<\/p><p>Les zoonoses, telles que la Covid-19, le VIH, Ebola, le SRAS, le MERS et d&#8217;autres, ont \u00e9t\u00e9 associ\u00e9es \u00e0 une propagation des animaux exploit\u00e9s \u00e0 l&#8217;homme, puis \u00e0 une transmission interhumaine. Les maladies \u00e9mergentes et les pand\u00e9mies sont presque invariablement zoonotiques. On estime que 60 % des virus qui infectent l&#8217;homme proviennent d&#8217;animaux, et que 75 % des nouvelles maladies infectieuses de la derni\u00e8re d\u00e9cennie sont zoonotiques. Ce ph\u00e9nom\u00e8ne conna\u00eet une augmentation spectaculaire en raison de la destruction de leur habitat et de la transmission de maladies par des animaux injustement incarc\u00e9r\u00e9s et exploit\u00e9s.<\/p><p>Les zoonoses causaient environ 3 millions de d\u00e9c\u00e8s humains par an avant m\u00eame la pand\u00e9mie de Covid-19. Parmi elles, on compte le virus de l&#8217;immunod\u00e9ficience humaine (VIH), le virus Ebola, le SRAS, le MERS, la grippe porcine, la grippe aviaire, la peste noire, la grippe espagnole, et bien d&#8217;autres.<\/p><p>La COVID-19 est n\u00e9e d&#8217;un animal injustement incarc\u00e9r\u00e9 et en attente d&#8217;une ex\u00e9cution extrajudiciaire sur un march\u00e9 d&#8217;animaux vivants. Ces march\u00e9s, ou \u00ab\u00a0march\u00e9s humides\u00a0\u00bb, proposent la vente et l&#8217;abattage sur place d&#8217;une multitude d&#8217;animaux innocents. Il s&#8217;agit souvent d&#8217;animaux sauvages menac\u00e9s ou en voie de disparition, ainsi que d&#8217;autres animaux qui n&#8217;entrent jamais en contact les uns avec les autres dans la nature.<\/p><p>Ces march\u00e9s existent partout dans le monde. On pense que la Covid-19 a d\u00e9but\u00e9 dans l&#8217;un d&#8217;eux, \u00e0 Wuhan, en Chine. Des donn\u00e9es scientifiques indiquent que le virus est originaire d&#8217;un coronavirus de chauve-souris, puis transf\u00e9r\u00e9 \u00e0 un h\u00f4te interm\u00e9diaire, un animal domestique ou sauvage, et enfin \u00e0 un animal captif exploit\u00e9 et utilis\u00e9 comme aliment par les humains. Le virus a finalement \u00e9volu\u00e9 vers le SRAS-CoV-2, le coronavirus responsable de la COVID-19, et s\u2019est propag\u00e9 aux humains.<\/p><p>Le VIH\/sida, \u00e9galement d&#8217;origine zoonotique, a infect\u00e9 plus de 33 millions de personnes dans le monde. Plus de 25 millions de personnes en sont mortes. Le VIH\/sida est apparu lorsqu&#8217;un virus VIS \u00e9tabli est pass\u00e9 des primates \u00e0 l&#8217;homme par exposition au sang ou \u00e0 d&#8217;autres s\u00e9cr\u00e9tions de primates infect\u00e9s. Cette transmission s&#8217;est produite lors de la chasse et de l&#8217;abattage d&#8217;animaux sauvages innocents. Selon \u00ab\u00a0Future Medicine\u00a0\u00bb, les morsures et autres blessures caus\u00e9es par des primates gard\u00e9s comme animaux de compagnie peuvent entra\u00eener une transmission virale.<\/p><p>La maladie \u00e0 virus Ebola (MVE), \u00e9galement d&#8217;origine zoonotique, est une maladie mortelle dont les \u00e9pid\u00e9mies touchent principalement le continent africain.<\/p><p>La grippe porcine (H1N1) est caus\u00e9e par des installations agricoles et des \u00e9levages industriels, o\u00f9 les conditions de vie sont \u00e9pouvantables. Le virus H1N1 a un taux de mortalit\u00e9 de 60 % et pourrait facilement muter et devenir plus mortel. Originaire de porcs innocents exploit\u00e9s aux \u00c9tats-Unis, le virus H1N1 a caus\u00e9 plus de 200\u00a0000 infections et 18\u00a0000 d\u00e9c\u00e8s humains, dont 250 enfants. Les porcs innocents exploit\u00e9s ont subi des pertes bien plus importantes\u00a0!<\/p><p>Selon l&#8217;Organisation mondiale de la sant\u00e9, les \u00e9pid\u00e9mies de grippe aviaire (H5N1) entra\u00eenent la mort de centaines d&#8217;humains et de millions de poulets et d&#8217;autres oiseaux. Le virus H5N1 a un taux de mortalit\u00e9 humaine estim\u00e9 \u00e0 60\u00a0% et pourrait facilement muter et devenir plus mortel. Les oiseaux innocents, exploit\u00e9s et victimes ont subi des pertes bien plus importantes\u00a0!<\/p><p>Le Sommet des Nations Unies sur la biodiversit\u00e9 affirme que l&#8217;\u00e9mergence de zoonoses mortelles, telles que le VIH\/sida, Ebola, le SRAS, le MERS, la grippe espagnole, la grippe noire et la grippe aviaire, la Covid-19, entre autres, est la cons\u00e9quence directe du d\u00e9s\u00e9quilibre entre l&#8217;homme et la nature, et plus particuli\u00e8rement de l&#8217;exploitation supr\u00e9maciste des autres esp\u00e8ces par l&#8217;homme.<\/p><p>L&#8217;extinction des esp\u00e8ces se produit \u00e0 un rythme environ mille fois sup\u00e9rieur \u00e0 la normale et constitue un facteur majeur de zoonoses. Environ 80 % de la superficie terrestre a d\u00e9j\u00e0 \u00e9t\u00e9 fortement transform\u00e9e par l&#8217;activit\u00e9 humaine, principalement en raison de l&#8217;expansion de l&#8217;\u00e9levage. \u00c0 mesure que l&#8217;\u00e9levage se d\u00e9veloppe, il consomme davantage de ressources en terres et en eau, d\u00e9truisant les habitats des esp\u00e8ces existantes et provoquant l&#8217;extinction d&#8217;individus irrempla\u00e7ables et uniques.<\/p><p>La perte d&#8217;habitat est positivement corr\u00e9l\u00e9e \u00e0 l&#8217;augmentation des pand\u00e9mies zoonotiques. Une biodiversit\u00e9 \u00e9lev\u00e9e r\u00e9duit le risque de zoonoses gr\u00e2ce \u00e0 l&#8217;\u00ab effet de dilution \u00bb, prot\u00e9geant ainsi la sant\u00e9 humaine. L&#8217;extinction d&#8217;esp\u00e8ces due \u00e0 la destruction de leur habitat accro\u00eet la probabilit\u00e9 et la mortalit\u00e9 de la transmission de maladies entre esp\u00e8ces.<\/p><p>L&#8217;Organisation des Nations Unies pour l&#8217;alimentation et l&#8217;agriculture (FAO) affirme que les animaux d&#8217;\u00e9levage constituent le maillon faible des syst\u00e8mes alimentaires mondiaux. Les \u00e9levages industriels sont des \u00e9picentres de maladies pour les humains, ainsi que pour les milliards d&#8217;animaux malheureux qui y sont incarc\u00e9r\u00e9s involontairement. On estime que 99 % des dix milliards d&#8217;animaux terrestres tu\u00e9s chaque ann\u00e9e pour leur consommation sont emprisonn\u00e9s dans des \u00e9levages industriels et tu\u00e9s en toute impunit\u00e9. Ces conditions les rendent vuln\u00e9rables aux agents pathog\u00e8nes, qui sont ensuite transmis \u00e0 leurs agresseurs humains (population relais) et \u00e0 la population humaine en g\u00e9n\u00e9ral par le biais de pand\u00e9mies zoonotiques.<\/p><p>La relation actuelle entre l&#8217;homme et l&#8217;animal est injuste et intenable. Cette relation conflictuelle expose l&#8217;humanit\u00e9 au risque d&#8217;\u00e9pid\u00e9mies zoonotiques, directement li\u00e9es \u00e0 l&#8217;exploitation des animaux et de l&#8217;environnement partag\u00e9 avec eux.<\/p>\t\t\t\t\t\t\t\t<\/div>\n\t\t\t\t<\/div>\n\t\t\t\t<\/div>\n\t\t\t\t\t<\/div>\n\t\t\t\t<\/div>\n\t\t\t\t<\/div>\n\t\t","protected":false},"excerpt":{"rendered":"<p>Les Maladies Zoonotiques Les zoonoses, \u00e0 l&#8217;origine d&#8217;\u00e9pid\u00e9mies et de pand\u00e9mies, se transmettent \u00e0 l&#8217;homme par des animaux injustement incarc\u00e9r\u00e9s et exploit\u00e9s. Les pand\u00e9mies les plus meurtri\u00e8res de l&#8217;histoire sont zoonotiques. Le sp\u00e9cisme est la cause sous-jacente des zoonoses. Il s&#8217;agit de la maltraitance et de l&#8217;exploitation d&#8217;autres esp\u00e8ces au profit de l&#8217;esp\u00e8ce humaine, notamment [&hellip;]<\/p>\n","protected":false},"author":1,"featured_media":0,"parent":0,"menu_order":0,"comment_status":"closed","ping_status":"closed","template":"elementor_header_footer","meta":{"footnotes":""},"class_list":["post-20","page","type-page","status-publish","hentry"],"_links":{"self":[{"href":"https:\/\/veganinternational.org\/french\/wp-json\/wp\/v2\/pages\/20","targetHints":{"allow":["GET"]}}],"collection":[{"href":"https:\/\/veganinternational.org\/french\/wp-json\/wp\/v2\/pages"}],"about":[{"href":"https:\/\/veganinternational.org\/french\/wp-json\/wp\/v2\/types\/page"}],"author":[{"embeddable":true,"href":"https:\/\/veganinternational.org\/french\/wp-json\/wp\/v2\/users\/1"}],"replies":[{"embeddable":true,"href":"https:\/\/veganinternational.org\/french\/wp-json\/wp\/v2\/comments?post=20"}],"version-history":[{"count":44,"href":"https:\/\/veganinternational.org\/french\/wp-json\/wp\/v2\/pages\/20\/revisions"}],"predecessor-version":[{"id":1091,"href":"https:\/\/veganinternational.org\/french\/wp-json\/wp\/v2\/pages\/20\/revisions\/1091"}],"wp:attachment":[{"href":"https:\/\/veganinternational.org\/french\/wp-json\/wp\/v2\/media?parent=20"}],"curies":[{"name":"wp","href":"https:\/\/api.w.org\/{rel}","templated":true}]}}