{"id":14,"date":"2025-04-24T19:18:25","date_gmt":"2025-04-24T19:18:25","guid":{"rendered":"https:\/\/veganinternational.org\/spanish\/?page_id=14"},"modified":"2025-07-09T18:56:18","modified_gmt":"2025-07-09T18:56:18","slug":"acerca-de-nosotros","status":"publish","type":"page","link":"https:\/\/veganinternational.org\/spanish\/acerca-de-nosotros\/","title":{"rendered":"Sobre nosotros"},"content":{"rendered":"\t\t<div data-elementor-type=\"wp-page\" data-elementor-id=\"14\" class=\"elementor elementor-14\" data-elementor-post-type=\"page\">\n\t\t\t\t<div class=\"elementor-element elementor-element-4d8643b e-flex e-con-boxed e-con e-parent\" data-id=\"4d8643b\" data-element_type=\"container\" data-e-type=\"container\" data-settings=\"{&quot;background_background&quot;:&quot;classic&quot;}\">\n\t\t\t\t\t<div class=\"e-con-inner\">\n\t\t\t\t\t<\/div>\n\t\t\t\t<\/div>\n\t\t<div class=\"elementor-element elementor-element-0b67c2d e-flex e-con-boxed e-con e-parent\" data-id=\"0b67c2d\" data-element_type=\"container\" data-e-type=\"container\">\n\t\t\t\t\t<div class=\"e-con-inner\">\n\t\t\t\t<div class=\"elementor-element elementor-element-3d066a3 elementor-widget elementor-widget-heading\" data-id=\"3d066a3\" data-element_type=\"widget\" data-e-type=\"widget\" data-widget_type=\"heading.default\">\n\t\t\t\t<div class=\"elementor-widget-container\">\n\t\t\t\t\t<h2 class=\"elementor-heading-title elementor-size-default\">Miembros De La Junta Directiva De Vegano Internacional<\/h2>\t\t\t\t<\/div>\n\t\t\t\t<\/div>\n\t\t<div class=\"elementor-element elementor-element-c4a3879 e-con-full e-flex e-con e-child\" data-id=\"c4a3879\" data-element_type=\"container\" data-e-type=\"container\">\n\t\t<div class=\"elementor-element elementor-element-dc405f1 e-con-full e-flex e-con e-child\" data-id=\"dc405f1\" data-element_type=\"container\" data-e-type=\"container\">\n\t\t\t\t<div class=\"elementor-element elementor-element-79a2f1b elementor-widget__width-initial elementor-widget elementor-widget-image-box\" data-id=\"79a2f1b\" data-element_type=\"widget\" data-e-type=\"widget\" data-widget_type=\"image-box.default\">\n\t\t\t\t<div class=\"elementor-widget-container\">\n\t\t\t\t\t<div class=\"elementor-image-box-wrapper\"><div class=\"elementor-image-box-content\"><h3 class=\"elementor-image-box-title\">Sharon Leontine Wallenberg<\/h3><p class=\"elementor-image-box-description\">fundadora y presidenta de Vegano Internacional, ha asistido y participado en conferencias de la Organizaci\u00f3n Mundial de la Salud (OMS) y de organizaciones no gubernamentales (ONG) de la ONU, y es autora y editora.<\/p><\/div><\/div>\t\t\t\t<\/div>\n\t\t\t\t<\/div>\n\t\t\t\t<\/div>\n\t\t<div class=\"elementor-element elementor-element-67505d5 e-con-full e-flex e-con e-child\" data-id=\"67505d5\" data-element_type=\"container\" data-e-type=\"container\">\n\t\t\t\t<div class=\"elementor-element elementor-element-e8be296 elementor-widget__width-initial elementor-widget elementor-widget-image-box\" data-id=\"e8be296\" data-element_type=\"widget\" data-e-type=\"widget\" data-widget_type=\"image-box.default\">\n\t\t\t\t<div class=\"elementor-widget-container\">\n\t\t\t\t\t<div class=\"elementor-image-box-wrapper\"><div class=\"elementor-image-box-content\"><h3 class=\"elementor-image-box-title\">Shanti Golden<\/h3><p class=\"elementor-image-box-description\">ha sido vegana desde hace 35 a\u00f1os, es profesora de educaci\u00f3n especial y ha impartido clases en escuelas p\u00fablicas de Nueva York y Florida.<\/p><\/div><\/div>\t\t\t\t<\/div>\n\t\t\t\t<\/div>\n\t\t\t\t<\/div>\n\t\t\t\t<\/div>\n\t\t\t\t\t<\/div>\n\t\t\t\t<\/div>\n\t\t<div class=\"elementor-element elementor-element-89b1124 e-flex e-con-boxed e-con e-parent\" data-id=\"89b1124\" data-element_type=\"container\" data-e-type=\"container\">\n\t\t\t\t\t<div class=\"e-con-inner\">\n\t\t\t\t<div class=\"elementor-element elementor-element-2b75cf4 elementor-widget elementor-widget-heading\" data-id=\"2b75cf4\" data-element_type=\"widget\" data-e-type=\"widget\" data-widget_type=\"heading.default\">\n\t\t\t\t<div class=\"elementor-widget-container\">\n\t\t\t\t\t<h2 class=\"elementor-heading-title elementor-size-default\">Consejo Asesor Internacional De Veganos<\/h2>\t\t\t\t<\/div>\n\t\t\t\t<\/div>\n\t\t<div class=\"elementor-element elementor-element-d739142 e-con-full e-flex e-con e-child\" data-id=\"d739142\" data-element_type=\"container\" data-e-type=\"container\">\n\t\t<div class=\"elementor-element elementor-element-444ec87 e-con-full e-flex e-con e-child\" data-id=\"444ec87\" data-element_type=\"container\" data-e-type=\"container\">\n\t\t\t\t<div class=\"elementor-element elementor-element-d1fc3c8 elementor-widget__width-initial elementor-widget elementor-widget-image-box\" data-id=\"d1fc3c8\" data-element_type=\"widget\" data-e-type=\"widget\" data-widget_type=\"image-box.default\">\n\t\t\t\t<div class=\"elementor-widget-container\">\n\t\t\t\t\t<div class=\"elementor-image-box-wrapper\"><div class=\"elementor-image-box-content\"><h3 class=\"elementor-image-box-title\">Dr Nandita Shah, M.D.<\/h3><p class=\"elementor-image-box-description\">India, es autora y fundadora de SHARAN, cuyo objetivo es ayudar a las personas a conectar con los animales y la naturaleza para sanarse a s\u00ed mismas y al planeta.<\/p><\/div><\/div>\t\t\t\t<\/div>\n\t\t\t\t<\/div>\n\t\t\t\t<\/div>\n\t\t<div class=\"elementor-element elementor-element-910bc40 e-con-full e-flex e-con e-child\" data-id=\"910bc40\" data-element_type=\"container\" data-e-type=\"container\">\n\t\t\t\t<div class=\"elementor-element elementor-element-a08747c elementor-widget__width-initial elementor-widget elementor-widget-image-box\" data-id=\"a08747c\" data-element_type=\"widget\" data-e-type=\"widget\" data-widget_type=\"image-box.default\">\n\t\t\t\t<div class=\"elementor-widget-container\">\n\t\t\t\t\t<div class=\"elementor-image-box-wrapper\"><div class=\"elementor-image-box-content\"><h3 class=\"elementor-image-box-title\">Nassim Nobari <\/h3><p class=\"elementor-image-box-description\">es experto en agricultura vegana sostenible, cofundador de Seed the Commons y principal organizador del People\u2019s Harvest Forum. Ha trabajado con programas comunitarios en Suiza y Estados Unidos como activista por la justicia social y la alimentaci\u00f3n. Se esfuerza por construir un sistema alimentario que beneficie a agricultores y consumidores, y por eliminar la leche de vaca nociva de los programas de almuerzos escolares.<\/p><\/div><\/div>\t\t\t\t<\/div>\n\t\t\t\t<\/div>\n\t\t\t\t<\/div>\n\t\t<div class=\"elementor-element elementor-element-134cca0 e-con-full e-flex e-con e-child\" data-id=\"134cca0\" data-element_type=\"container\" data-e-type=\"container\">\n\t\t\t\t<div class=\"elementor-element elementor-element-c6cd4c6 elementor-widget__width-initial elementor-widget elementor-widget-image-box\" data-id=\"c6cd4c6\" data-element_type=\"widget\" data-e-type=\"widget\" data-widget_type=\"image-box.default\">\n\t\t\t\t<div class=\"elementor-widget-container\">\n\t\t\t\t\t<div class=\"elementor-image-box-wrapper\"><div class=\"elementor-image-box-content\"><h3 class=\"elementor-image-box-title\">Robert Grillo<\/h3><p class=\"elementor-image-box-description\">es el fundador de \u00abFree From Harm\u00bb para defender a los animales explotados por la ganader\u00eda. Su libro, \u00abFarm To Fable\u00bb, expone c\u00f3mo las personas est\u00e1n condicionadas a aceptar el consumo masivo de animales. \u00abNo hay paz mundial sin justicia para todos, no solo para los de una especie en particular\u00bb.<\/p><\/div><\/div>\t\t\t\t<\/div>\n\t\t\t\t<\/div>\n\t\t\t\t<\/div>\n\t\t<div class=\"elementor-element elementor-element-65a0f3c e-con-full e-flex e-con e-child\" data-id=\"65a0f3c\" data-element_type=\"container\" data-e-type=\"container\">\n\t\t\t\t<div class=\"elementor-element elementor-element-c81aebc elementor-widget__width-initial elementor-widget elementor-widget-image-box\" data-id=\"c81aebc\" data-element_type=\"widget\" data-e-type=\"widget\" data-widget_type=\"image-box.default\">\n\t\t\t\t<div class=\"elementor-widget-container\">\n\t\t\t\t\t<div class=\"elementor-image-box-wrapper\"><div class=\"elementor-image-box-content\"><h3 class=\"elementor-image-box-title\">Robert Cheeke <\/h3><p class=\"elementor-image-box-description\">es un atleta vegano, campe\u00f3n de fisicoculturismo y autor de libros superventas que recorre el mundo hablando de su transformaci\u00f3n, de un joven campesino delgado hasta ser un campe\u00f3n de fisicoculturismo vegano.<\/p><\/div><\/div>\t\t\t\t<\/div>\n\t\t\t\t<\/div>\n\t\t\t\t<\/div>\n\t\t<div class=\"elementor-element elementor-element-a3e1a30 e-con-full e-flex e-con e-child\" data-id=\"a3e1a30\" data-element_type=\"container\" data-e-type=\"container\">\n\t\t\t\t<div class=\"elementor-element elementor-element-c8e1a47 elementor-widget__width-initial elementor-widget elementor-widget-image-box\" data-id=\"c8e1a47\" data-element_type=\"widget\" data-e-type=\"widget\" data-widget_type=\"image-box.default\">\n\t\t\t\t<div class=\"elementor-widget-container\">\n\t\t\t\t\t<div class=\"elementor-image-box-wrapper\"><div class=\"elementor-image-box-content\"><h3 class=\"elementor-image-box-title\">Anita Krajnc Ph.D.<\/h3><p class=\"elementor-image-box-description\">doctora canadiense, es la fundadora de Toronto Pig Save, que se ha convertido en el movimiento de rescate comunitario m\u00e1s grande y de mayor crecimiento del mundo, y en un movimiento mundial de Tratados de Base Vegetal. Anita, junto con otros, ofreci\u00f3 agua y consuelo a los cerdos en los camiones del matadero y fue encarcelada como una delincuente. Su liberaci\u00f3n caus\u00f3 indignaci\u00f3n mundial.<\/p><\/div><\/div>\t\t\t\t<\/div>\n\t\t\t\t<\/div>\n\t\t\t\t<\/div>\n\t\t<div class=\"elementor-element elementor-element-60cc1af e-con-full e-flex e-con e-child\" data-id=\"60cc1af\" data-element_type=\"container\" data-e-type=\"container\">\n\t\t\t\t<div class=\"elementor-element elementor-element-751cd34 elementor-widget__width-initial elementor-widget elementor-widget-image-box\" data-id=\"751cd34\" data-element_type=\"widget\" data-e-type=\"widget\" data-widget_type=\"image-box.default\">\n\t\t\t\t<div class=\"elementor-widget-container\">\n\t\t\t\t\t<div class=\"elementor-image-box-wrapper\"><div class=\"elementor-image-box-content\"><h3 class=\"elementor-image-box-title\">Victor Fodeke, Ph.D.<\/h3><p class=\"elementor-image-box-description\">Nigeria, ex Asesor T\u00e9cnico sobre Cambio Clim\u00e1tico de la Comisi\u00f3n de la Uni\u00f3n Africana, Director General de la Cumbre Africana de Energ\u00eda Limpia y del Centro Africano de Soluciones Clim\u00e1ticas. Victor se muestra sensible a la dif\u00edcil situaci\u00f3n de quienes no tienen voz en \"VoicelessOnes\".<\/p><\/div><\/div>\t\t\t\t<\/div>\n\t\t\t\t<\/div>\n\t\t\t\t<\/div>\n\t\t<div class=\"elementor-element elementor-element-e7de6c3 e-con-full e-flex e-con e-child\" data-id=\"e7de6c3\" data-element_type=\"container\" data-e-type=\"container\">\n\t\t\t\t<div class=\"elementor-element elementor-element-0550e50 elementor-widget__width-initial elementor-widget elementor-widget-image-box\" data-id=\"0550e50\" data-element_type=\"widget\" data-e-type=\"widget\" data-widget_type=\"image-box.default\">\n\t\t\t\t<div class=\"elementor-widget-container\">\n\t\t\t\t\t<div class=\"elementor-image-box-wrapper\"><div class=\"elementor-image-box-content\"><h3 class=\"elementor-image-box-title\">Budjargal Byambaa<\/h3><p class=\"elementor-image-box-description\">Mongolia, es un crudovegano. y corredor de ultradistancia. que recorre distancias extremas durante varios d\u00edas a velocidades impresionantes, estableciendo r\u00e9cords de recorrido y gan\u00f3 la carrera Sri Chinmoy de 10 d\u00edas, la carrera Icarus Florida de 6 d\u00edas, la carrera Xiamen de 6 d\u00edas y ostenta el r\u00e9cord nacional de carrera de 24 horas, entre otras.<\/p><\/div><\/div>\t\t\t\t<\/div>\n\t\t\t\t<\/div>\n\t\t\t\t<\/div>\n\t\t<div class=\"elementor-element elementor-element-e4be796 e-con-full e-flex e-con e-child\" data-id=\"e4be796\" data-element_type=\"container\" data-e-type=\"container\">\n\t\t\t\t<div class=\"elementor-element elementor-element-9f1d2b9 elementor-widget__width-initial elementor-widget elementor-widget-image-box\" data-id=\"9f1d2b9\" data-element_type=\"widget\" data-e-type=\"widget\" data-widget_type=\"image-box.default\">\n\t\t\t\t<div class=\"elementor-widget-container\">\n\t\t\t\t\t<div class=\"elementor-image-box-wrapper\"><div class=\"elementor-image-box-content\"><h3 class=\"elementor-image-box-title\">Krishna Murari Gautam<\/h3><p class=\"elementor-image-box-description\">Nepal, fundador de Aging Nepal, una ONG del ECOSOC de la ONU, cuenta con m\u00e1s de 30 a\u00f1os de experiencia en gesti\u00f3n del agua, riego y aspectos socioecon\u00f3micos de proyectos de desarrollo rural en India, Nepal y China, y cre\u00f3 una \"Zona de No Muerte\" en Katmand\u00fa. \"Hay muchos cuerpos \u2014humanos, animales, insectos\u2014 pero una sola vida\".<\/p><\/div><\/div>\t\t\t\t<\/div>\n\t\t\t\t<\/div>\n\t\t\t\t<\/div>\n\t\t<div class=\"elementor-element elementor-element-13eb69d e-con-full e-flex e-con e-child\" data-id=\"13eb69d\" data-element_type=\"container\" data-e-type=\"container\">\n\t\t\t\t<div class=\"elementor-element elementor-element-e4abd78 elementor-widget__width-initial elementor-widget elementor-widget-image-box\" data-id=\"e4abd78\" data-element_type=\"widget\" data-e-type=\"widget\" data-widget_type=\"image-box.default\">\n\t\t\t\t<div class=\"elementor-widget-container\">\n\t\t\t\t\t<div class=\"elementor-image-box-wrapper\"><div class=\"elementor-image-box-content\"><h3 class=\"elementor-image-box-title\">T. Colin Campbell, Ph.D.<\/h3><p class=\"elementor-image-box-description\">autor del \"Estudio de China\", considerado el \"Gran Premio de la Epidemiolog\u00eda\" por The New York Times. Su influencia incluye su participaci\u00f3n en educaci\u00f3n, pol\u00edticas p\u00fablicas e investigaci\u00f3n de laboratorio, centr\u00e1ndose en la relaci\u00f3n entre la dieta y las enfermedades.<\/p><\/div><\/div>\t\t\t\t<\/div>\n\t\t\t\t<\/div>\n\t\t\t\t<\/div>\n\t\t<div class=\"elementor-element elementor-element-afe530b e-con-full e-flex e-con e-child\" data-id=\"afe530b\" data-element_type=\"container\" data-e-type=\"container\">\n\t\t\t\t<div class=\"elementor-element elementor-element-9edcf07 elementor-widget__width-initial elementor-widget elementor-widget-image-box\" data-id=\"9edcf07\" data-element_type=\"widget\" data-e-type=\"widget\" data-widget_type=\"image-box.default\">\n\t\t\t\t<div class=\"elementor-widget-container\">\n\t\t\t\t\t<div class=\"elementor-image-box-wrapper\"><div class=\"elementor-image-box-content\"><h3 class=\"elementor-image-box-title\">Neal Barnard, M.D.<\/h3><p class=\"elementor-image-box-description\">Fundador del Comit\u00e9 de M\u00e9dicos por una Medicina Responsable, Profesor Adjunto de Medicina de la Universidad George Washington, Investigador de los Institutos Nacionales de Salud, Autor de libros sobre Nutrici\u00f3n y Salud, Editor de la Gu\u00eda de Nutrici\u00f3n para M\u00e9dicos.<\/p><\/div><\/div>\t\t\t\t<\/div>\n\t\t\t\t<\/div>\n\t\t\t\t<\/div>\n\t\t<div class=\"elementor-element elementor-element-7d4ca0e e-con-full e-flex e-con e-child\" data-id=\"7d4ca0e\" data-element_type=\"container\" data-e-type=\"container\">\n\t\t\t\t<div class=\"elementor-element elementor-element-9c20ccb elementor-widget__width-initial elementor-widget elementor-widget-image-box\" data-id=\"9c20ccb\" data-element_type=\"widget\" data-e-type=\"widget\" data-widget_type=\"image-box.default\">\n\t\t\t\t<div class=\"elementor-widget-container\">\n\t\t\t\t\t<div class=\"elementor-image-box-wrapper\"><div class=\"elementor-image-box-content\"><h3 class=\"elementor-image-box-title\">Gene Baur<\/h3><p class=\"elementor-image-box-description\">es Cofundador y Presidente de Farm Sanctuary, tiene una Maestr\u00eda en Econom\u00eda Agr\u00edcola de la Universidad de Cornell, es Profesor de la Escuela de Salud P\u00fablica Bloomberg de Johns Hopkins, Autor y de \"la conciencia del movimiento alimentario\" seg\u00fan la revista TIME.<\/p><\/div><\/div>\t\t\t\t<\/div>\n\t\t\t\t<\/div>\n\t\t\t\t<\/div>\n\t\t<div class=\"elementor-element elementor-element-1eb58d5 e-con-full e-flex e-con e-child\" data-id=\"1eb58d5\" data-element_type=\"container\" data-e-type=\"container\">\n\t\t\t\t<div class=\"elementor-element elementor-element-b2f9063 elementor-widget__width-initial elementor-widget elementor-widget-image-box\" data-id=\"b2f9063\" data-element_type=\"widget\" data-e-type=\"widget\" data-widget_type=\"image-box.default\">\n\t\t\t\t<div class=\"elementor-widget-container\">\n\t\t\t\t\t<div class=\"elementor-image-box-wrapper\"><div class=\"elementor-image-box-content\"><h3 class=\"elementor-image-box-title\">Lawrence H. Kushi, Sc. D.<\/h3><p class=\"elementor-image-box-description\">doctor en ciencias, especialista en nutrici\u00f3n y epidemiolog\u00eda del c\u00e1ncer, form\u00f3 parte de comit\u00e9s de los Institutos Nacionales de la Salud, el Instituto Americano para la Investigaci\u00f3n del C\u00e1ncer y el Fondo Mundial para la Investigaci\u00f3n del C\u00e1ncer, y dirige la Red de Investigaci\u00f3n del C\u00e1ncer del NCI.<\/p><\/div><\/div>\t\t\t\t<\/div>\n\t\t\t\t<\/div>\n\t\t\t\t<\/div>\n\t\t<div class=\"elementor-element elementor-element-fda6367 e-con-full e-flex e-con e-child\" data-id=\"fda6367\" data-element_type=\"container\" data-e-type=\"container\">\n\t\t\t\t<div class=\"elementor-element elementor-element-03feb14 elementor-widget__width-initial elementor-widget elementor-widget-image-box\" data-id=\"03feb14\" data-element_type=\"widget\" data-e-type=\"widget\" data-widget_type=\"image-box.default\">\n\t\t\t\t<div class=\"elementor-widget-container\">\n\t\t\t\t\t<div class=\"elementor-image-box-wrapper\"><div class=\"elementor-image-box-content\"><h3 class=\"elementor-image-box-title\">Michael Klaper, M.D. <\/h3><p class=\"elementor-image-box-description\">fue asesor nutricional de los programas Space Colonists de la NASA, form\u00f3 parte del Grupo de Trabajo de Nutrici\u00f3n de la Asociaci\u00f3n Americana de Estudiantes de Medicina y promueve la alimentaci\u00f3n y opciones de el estilo de vida. Su libro promueve el uso de la medicina a base de plantas para detener y revertir enfermedades.<\/p><\/div><\/div>\t\t\t\t<\/div>\n\t\t\t\t<\/div>\n\t\t\t\t<\/div>\n\t\t<div class=\"elementor-element elementor-element-1b02a2a e-con-full e-flex e-con e-child\" data-id=\"1b02a2a\" data-element_type=\"container\" data-e-type=\"container\">\n\t\t\t\t<div class=\"elementor-element elementor-element-f9b3386 elementor-widget__width-initial elementor-widget elementor-widget-image\" data-id=\"f9b3386\" data-element_type=\"widget\" data-e-type=\"widget\" data-widget_type=\"image.default\">\n\t\t\t\t<div class=\"elementor-widget-container\">\n\t\t\t\t\t\t\t\t\t\t\t\t\t\t\t<img fetchpriority=\"high\" decoding=\"async\" width=\"480\" height=\"664\" src=\"https:\/\/veganinternational.org\/spanish\/wp-content\/uploads\/2025\/05\/The-Search-For-Raoul-Wallenberg-Author-Page.jpg\" class=\"attachment-large size-large wp-image-554\" alt=\"\" srcset=\"https:\/\/veganinternational.org\/spanish\/wp-content\/uploads\/2025\/05\/The-Search-For-Raoul-Wallenberg-Author-Page.jpg 480w, https:\/\/veganinternational.org\/spanish\/wp-content\/uploads\/2025\/05\/The-Search-For-Raoul-Wallenberg-Author-Page-217x300.jpg 217w\" sizes=\"(max-width: 480px) 100vw, 480px\" \/>\t\t\t\t\t\t\t\t\t\t\t\t\t\t\t<\/div>\n\t\t\t\t<\/div>\n\t\t\t\t<div class=\"elementor-element elementor-element-03b609a elementor-widget__width-initial elementor-widget elementor-widget-image\" data-id=\"03b609a\" data-element_type=\"widget\" data-e-type=\"widget\" data-widget_type=\"image.default\">\n\t\t\t\t<div class=\"elementor-widget-container\">\n\t\t\t\t\t\t\t\t\t\t\t\t\t\t\t<img decoding=\"async\" width=\"642\" height=\"1024\" src=\"https:\/\/veganinternational.org\/spanish\/wp-content\/uploads\/2025\/05\/Liberty-61-Book-2-642x1024.jpg\" class=\"attachment-large size-large wp-image-552\" alt=\"\" srcset=\"https:\/\/veganinternational.org\/spanish\/wp-content\/uploads\/2025\/05\/Liberty-61-Book-2-642x1024.jpg 642w, https:\/\/veganinternational.org\/spanish\/wp-content\/uploads\/2025\/05\/Liberty-61-Book-2-188x300.jpg 188w, https:\/\/veganinternational.org\/spanish\/wp-content\/uploads\/2025\/05\/Liberty-61-Book-2.jpg 734w\" sizes=\"(max-width: 642px) 100vw, 642px\" \/>\t\t\t\t\t\t\t\t\t\t\t\t\t\t\t<\/div>\n\t\t\t\t<\/div>\n\t\t\t\t<div class=\"elementor-element elementor-element-3dd5c94 elementor-widget__width-initial elementor-widget elementor-widget-image\" data-id=\"3dd5c94\" data-element_type=\"widget\" data-e-type=\"widget\" data-widget_type=\"image.default\">\n\t\t\t\t<div class=\"elementor-widget-container\">\n\t\t\t\t\t\t\t\t\t\t\t\t\t\t\t<img decoding=\"async\" width=\"387\" height=\"595\" src=\"https:\/\/veganinternational.org\/spanish\/wp-content\/uploads\/2025\/05\/Where-Do-You-Get-Your-Protein-Rethinking-Food.jpg\" class=\"attachment-large size-large wp-image-555\" alt=\"\" srcset=\"https:\/\/veganinternational.org\/spanish\/wp-content\/uploads\/2025\/05\/Where-Do-You-Get-Your-Protein-Rethinking-Food.jpg 387w, https:\/\/veganinternational.org\/spanish\/wp-content\/uploads\/2025\/05\/Where-Do-You-Get-Your-Protein-Rethinking-Food-195x300.jpg 195w\" sizes=\"(max-width: 387px) 100vw, 387px\" \/>\t\t\t\t\t\t\t\t\t\t\t\t\t\t\t<\/div>\n\t\t\t\t<\/div>\n\t\t\t\t<div class=\"elementor-element elementor-element-50792b0 elementor-widget__width-initial elementor-widget elementor-widget-image\" data-id=\"50792b0\" data-element_type=\"widget\" data-e-type=\"widget\" data-widget_type=\"image.default\">\n\t\t\t\t<div class=\"elementor-widget-container\">\n\t\t\t\t\t\t\t\t\t\t\t\t\t\t\t<img loading=\"lazy\" decoding=\"async\" width=\"673\" height=\"1024\" src=\"https:\/\/veganinternational.org\/spanish\/wp-content\/uploads\/2025\/05\/Liberty-61-Book-4-673x1024.jpg\" class=\"attachment-large size-large wp-image-553\" alt=\"\" srcset=\"https:\/\/veganinternational.org\/spanish\/wp-content\/uploads\/2025\/05\/Liberty-61-Book-4-673x1024.jpg 673w, https:\/\/veganinternational.org\/spanish\/wp-content\/uploads\/2025\/05\/Liberty-61-Book-4-197x300.jpg 197w, https:\/\/veganinternational.org\/spanish\/wp-content\/uploads\/2025\/05\/Liberty-61-Book-4.jpg 734w\" sizes=\"(max-width: 673px) 100vw, 673px\" \/>\t\t\t\t\t\t\t\t\t\t\t\t\t\t\t<\/div>\n\t\t\t\t<\/div>\n\t\t\t\t<\/div>\n\t\t\t\t<\/div>\n\t\t\t\t\t<\/div>\n\t\t\t\t<\/div>\n\t\t\t\t<\/div>\n\t\t","protected":false},"excerpt":{"rendered":"<p>Miembros De La Junta Directiva De Vegano Internacional Sharon Leontine Wallenberg fundadora y presidenta de Vegano Internacional, ha asistido y participado en conferencias de la Organizaci\u00f3n Mundial de la Salud (OMS) y de organizaciones no gubernamentales (ONG) de la ONU, y es autora y editora. Shanti Golden ha sido vegana desde hace 35 a\u00f1os, es [&hellip;]<\/p>\n","protected":false},"author":1,"featured_media":0,"parent":0,"menu_order":0,"comment_status":"closed","ping_status":"closed","template":"elementor_header_footer","meta":{"footnotes":""},"class_list":["post-14","page","type-page","status-publish","hentry"],"_links":{"self":[{"href":"https:\/\/veganinternational.org\/spanish\/wp-json\/wp\/v2\/pages\/14","targetHints":{"allow":["GET"]}}],"collection":[{"href":"https:\/\/veganinternational.org\/spanish\/wp-json\/wp\/v2\/pages"}],"about":[{"href":"https:\/\/veganinternational.org\/spanish\/wp-json\/wp\/v2\/types\/page"}],"author":[{"embeddable":true,"href":"https:\/\/veganinternational.org\/spanish\/wp-json\/wp\/v2\/users\/1"}],"replies":[{"embeddable":true,"href":"https:\/\/veganinternational.org\/spanish\/wp-json\/wp\/v2\/comments?post=14"}],"version-history":[{"count":125,"href":"https:\/\/veganinternational.org\/spanish\/wp-json\/wp\/v2\/pages\/14\/revisions"}],"predecessor-version":[{"id":1060,"href":"https:\/\/veganinternational.org\/spanish\/wp-json\/wp\/v2\/pages\/14\/revisions\/1060"}],"wp:attachment":[{"href":"https:\/\/veganinternational.org\/spanish\/wp-json\/wp\/v2\/media?parent=14"}],"curies":[{"name":"wp","href":"https:\/\/api.w.org\/{rel}","templated":true}]}}